{"id":1676,"date":"2026-02-03T14:13:42","date_gmt":"2026-02-03T13:13:42","guid":{"rendered":"https:\/\/hotelluis.it\/dove-siamo\/"},"modified":"2026-02-06T09:00:13","modified_gmt":"2026-02-06T08:00:13","slug":"wo-wir-sind","status":"publish","type":"page","link":"https:\/\/hotelluis.it\/de\/wo-wir-sind\/","title":{"rendered":"Wo wir sind"},"content":{"rendered":"<section class=\"l-section wpb_row height_medium with_img parallax_ver\"><div class=\"l-section-img\" role=\"img\" aria-label=\"Bild\" data-img-width=\"1920\" data-img-height=\"1279\" style=\"background-image: url(https:\/\/hotelluis.it\/wp-content\/uploads\/2026\/01\/DJI_0204.jpg);background-position: bottom center;background-repeat: no-repeat;\"><\/div><div class=\"l-section-overlay\" style=\"background:rgba(0,0,0,0.2)\"><\/div><div class=\"l-section-h i-cf\"><div class=\"g-cols vc_row via_flex valign_middle type_default stacking_default\"><div class=\"vc_col-sm-12 wpb_column vc_column_container\"><div class=\"vc_column-inner us_custom_51f1639d\"><div class=\"wpb_wrapper\"><div class=\"w-vwrapper align_center valign_top\"><div class=\"w-image us_custom_8cc85e9b us_animate_this align_none\"><div class=\"w-image-h\"><img decoding=\"async\" width=\"61\" height=\"69\" src=\"https:\/\/hotelluis.it\/wp-content\/uploads\/2025\/11\/gallo-hero.svg\" class=\"attachment-large size-large\" alt=\"\" loading=\"lazy\" \/><\/div><\/div><div class=\"w-text us_custom_6496eac9 has_text_color us_animate_this\"><span class=\"w-text-h\"><span class=\"w-text-value\">hotel luis<\/span><\/span><\/div><div class=\"w-text us_custom_eb49b524 has_text_color us_animate_this\"><span class=\"w-text-h\"><span class=\"w-text-value\">Wo wir sind<\/span><\/span><\/div><div class=\"w-text us_custom_98a12e62 has_text_color us_animate_this\"><span class=\"w-text-h\"><span class=\"w-text-value\">Fiera di Primiero<\/span><\/span><\/div><\/div><\/div><\/div><\/div><\/div><\/div><\/section><section class=\"l-section wpb_row height_medium color_alternate\"><div class=\"l-section-h i-cf\"><div class=\"g-cols vc_row via_flex valign_middle type_default stacking_default\"><div class=\"vc_col-sm-5 wpb_column vc_column_container\"><div class=\"vc_column-inner\"><div class=\"wpb_wrapper\"><h2 class=\"w-text\"><span class=\"w-text-h\"><span class=\"w-text-value\">Hotel Luis<\/span><\/span><\/h2><div class=\"wpb_text_column us_custom_6300890d\"><div class=\"wpb_wrapper\"><p>Viale Piave, 20<br \/>\n38054 Primiero San Martino di Castrozza (TN)<\/p>\n<p>+39 0439 763040<br \/>\n+39 349 5675011<br \/>\n<a href=\"mailto:info@hotelluis.it\">info@hotelluis.it<\/a><\/p>\n<\/div><\/div><\/div><\/div><\/div><div class=\"vc_col-sm-7 wpb_column vc_column_container\"><div class=\"vc_column-inner\"><div class=\"wpb_wrapper\"><div class=\"w-html\"><iframe src=\"https:\/\/www.google.com\/maps\/embed?pb=!1m18!1m12!1m3!1d2762.8320096861753!2d11.824390812675249!3d46.17399968567888!2m3!1f0!2f0!3f0!3m2!1i1024!2i768!4f13.1!3m3!1m2!1s0x4778f7a7b21a42a7%3A0x318a78c12c66e454!2sHotel%20Luis%20di%20Tavernaro%20Mario%20%26%20C%20Sas!5e0!3m2!1sit!2sit!4v1770124633561!5m2!1sit!2sit\" width=\"100%\" height=\"500\" style=\"border:0;\" allowfullscreen=\"\" loading=\"lazy\" referrerpolicy=\"no-referrer-when-downgrade\"><\/iframe><\/div><\/div><\/div><\/div><\/div><\/div><\/section><section class=\"l-section wpb_row height_medium\"><div class=\"l-section-h i-cf\"><div class=\"g-cols vc_row via_flex valign_top type_default stacking_default\"><div class=\"vc_col-sm-12 wpb_column vc_column_container\"><div class=\"vc_column-inner\"><div class=\"wpb_wrapper\"><h2 class=\"w-text\"><span class=\"w-text-h\"><span class=\"w-text-value\">Anreise zu unserem Hotel<\/span><\/span><\/h2><div class=\"w-tabs layout_hor style_radio3 switch_click has_scrolling\" style=\"--sections-title-size:1em\"><div class=\"w-tabs-list items_3 align_none\" style=\"font-weight:700;\"><div class=\"w-tabs-list-h\"><button class=\"w-tabs-item active\" aria-controls=\"content-j402\" aria-expanded=\"false\"><span class=\"w-tabs-item-title\">Mit dem Auto<\/span><\/button><button class=\"w-tabs-item\" aria-controls=\"content-u67d\" aria-expanded=\"false\"><span class=\"w-tabs-item-title\">Mit dem Zug<\/span><\/button><button class=\"w-tabs-item\" aria-controls=\"content-j892\" aria-expanded=\"false\"><span class=\"w-tabs-item-title\">Im Flugzeug<\/span><\/button><\/div><\/div><div class=\"w-tabs-sections titles-align_none icon_chevron cpos_right\"><div class=\"w-tabs-section active\" id=\"j402\"><button class=\"w-tabs-section-header active\" aria-controls=\"content-j402\" aria-expanded=\"true\"><div class=\"w-tabs-section-title\">Mit dem Auto<\/div><div class=\"w-tabs-section-control\"><\/div><\/button><div  class=\"w-tabs-section-content\" id=\"content-j402\"><div class=\"w-tabs-section-content-h i-cf\"><div class=\"wpb_text_column\"><div class=\"wpb_wrapper\"><p>Das Hotel Luis ist dank gut ausgebauter Stra\u00dfen und Strecken inmitten der Natur bequem und landschaftlich reizvoll mit dem Auto zu erreichen.<\/p>\n<p><strong>Von Trient:<\/strong> Autobahn A22 (Ausfahrt Trento Sud), SS47 della Valsugana in Richtung Padua. Auf H\u00f6he von Cismon nehmen Sie die Ausfahrt in Richtung Belluno\/Feltre\/Fiera di Primiero und schlie\u00dflich die SS50 nach Fiera di Primiero. Etwa 1 Stunde und 30 Minuten.<\/p>\n<p><strong>Von Venedig\/Treviso:<\/strong> Fahren Sie auf der SS Feltrina bis nach Feltre, folgen Sie dann den Schildern nach Primiero San Martino di Castrozza und nehmen Sie die SS50. Etwa 1 Stunde und 30 Minuten von Treviso und 2 Stunden von Venedig.<\/p>\n<p><strong>Von Verona:<\/strong> A4 in Richtung Venedig, dann die Ausfahrt SPV (Pedemontana) bis zur Ausfahrt Bassano Est nehmen und dann in Richtung Trient weiterfahren. Auf H\u00f6he von Cismon nehmen Sie die Ausfahrt in Richtung Belluno\/Feltre\/Fiera di Primiero und schlie\u00dflich die SS50 nach Primiero. Etwa 2 Stunden.<\/p>\n<p>Das Hotel verf\u00fcgt \u00fcber kostenlose Privatparkpl\u00e4tze im Innen- und Au\u00dfenbereich, die den G\u00e4sten jederzeit zur Verf\u00fcgung stehen.<\/p>\n<\/div><\/div><\/div><\/div><\/div><div class=\"w-tabs-section\" id=\"u67d\"><button class=\"w-tabs-section-header\" aria-controls=\"content-u67d\" aria-expanded=\"false\"><div class=\"w-tabs-section-title\">Mit dem Zug<\/div><div class=\"w-tabs-section-control\"><\/div><\/button><div  class=\"w-tabs-section-content\" id=\"content-u67d\"><div class=\"w-tabs-section-content-h i-cf\"><div class=\"wpb_text_column\"><div class=\"wpb_wrapper\"><p>Die g\u00fcnstigsten Bahnh\u00f6fe, um Fiera di Primiero zu erreichen, sind:<\/p>\n<ul>\n<li>Bahnhof Feltre (ca. 45 km)<\/li>\n<li>Bahnhof Trient (ca. 90 km)<\/li>\n<\/ul>\n<p>Von beiden Bahnh\u00f6fen aus k\u00f6nnen Sie weiterfahren mit:<\/p>\n<ul>\n<li>Linienbussen nach Fiera di Primiero<\/li>\n<li>Taxi oder privatem Transfer (auf Anfrage)<\/li>\n<\/ul>\n<p>Das Personal des Hotels Luis steht Ihnen gerne zur Verf\u00fcgung, um Ihnen bei der Organisation des Transfers zu helfen.<\/p>\n<\/div><\/div><\/div><\/div><\/div><div class=\"w-tabs-section\" id=\"j892\"><button class=\"w-tabs-section-header\" aria-controls=\"content-j892\" aria-expanded=\"false\"><div class=\"w-tabs-section-title\">Im Flugzeug<\/div><div class=\"w-tabs-section-control\"><\/div><\/button><div  class=\"w-tabs-section-content\" id=\"content-j892\"><div class=\"w-tabs-section-content-h i-cf\"><div class=\"wpb_text_column\"><div class=\"wpb_wrapper\"><p>Die n\u00e4chstgelegenen Flugh\u00e4fen zu Fiera di Primiero sind:<\/p>\n<ul>\n<li>Flughafen Treviso (TSF) \u2013 ca. 90 km<\/li>\n<li>Flughafen Venedig Marco Polo (VCE) \u2013 ca. 120 km<\/li>\n<li>Flughafen Verona Valerio Catullo (VRN) \u2013 ca. 110 km<\/li>\n<li>Flughafen Bozen \u2013 ca. 97 km<\/li>\n<\/ul>\n<p>Von den Flugh\u00e4fen aus k\u00f6nnen Sie das Hotel mit einem Mietwagen, Taxi oder organisierten Transfer erreichen.<br \/>\nAuf Anfrage helfen wir Ihnen gerne bei der Organisation des f\u00fcr Sie bequemsten Transfers.<\/p>\n<\/div><\/div><\/div><\/div><\/div><\/div><\/div><\/div><\/div><\/div><\/div><\/div><\/section>\n","protected":false},"excerpt":{"rendered":"hotel luisWo wir sindFiera di PrimieroHotel LuisViale Piave, 20 38054 Primiero San Martino di Castrozza (TN) +39 0439 763040 +39 349 5675011 info@hotelluis.it Anreise zu unserem HotelMit dem AutoMit dem ZugIm FlugzeugMit dem AutoDas Hotel Luis ist dank gut ausgebauter Stra\u00dfen und Strecken inmitten der Natur bequem und landschaftlich reizvoll mit dem Auto zu erreichen....","protected":false},"author":1,"featured_media":1674,"parent":0,"menu_order":0,"comment_status":"closed","ping_status":"closed","template":"","meta":{"_acf_changed":false,"inline_featured_image":false,"footnotes":""},"class_list":["post-1676","page","type-page","status-publish","has-post-thumbnail","hentry"],"acf":[],"yoast_head":"<!-- This site is optimized with the Yoast SEO plugin v26.8 - https:\/\/yoast.com\/product\/yoast-seo-wordpress\/ -->\n<title>Wo wir sind - Hotel Luis<\/title>\n<meta name=\"robots\" content=\"index, follow, max-snippet:-1, max-image-preview:large, max-video-preview:-1\" \/>\n<link rel=\"canonical\" href=\"https:\/\/hotelluis.it\/de\/wo-wir-sind\/\" \/>\n<meta property=\"og:locale\" content=\"de_DE\" \/>\n<meta property=\"og:type\" content=\"article\" \/>\n<meta property=\"og:title\" content=\"Wo wir sind - Hotel Luis\" \/>\n<meta property=\"og:url\" content=\"https:\/\/hotelluis.it\/de\/wo-wir-sind\/\" \/>\n<meta property=\"og:site_name\" content=\"Hotel Luis\" \/>\n<meta property=\"article:publisher\" content=\"https:\/\/www.facebook.com\/HotelLuisPrimiero\/\" \/>\n<meta property=\"article:modified_time\" content=\"2026-02-06T08:00:13+00:00\" \/>\n<meta property=\"og:image\" content=\"https:\/\/hotelluis.it\/wp-content\/uploads\/2026\/01\/DJI_0204.jpg\" \/>\n\t<meta property=\"og:image:width\" content=\"1920\" \/>\n\t<meta property=\"og:image:height\" content=\"1279\" \/>\n\t<meta property=\"og:image:type\" content=\"image\/jpeg\" \/>\n<meta name=\"twitter:card\" content=\"summary_large_image\" \/>\n<meta name=\"twitter:label1\" content=\"Gesch\u00e4tzte Lesezeit\" \/>\n\t<meta name=\"twitter:data1\" content=\"3\u00a0Minuten\" \/>\n<script type=\"application\/ld+json\" class=\"yoast-schema-graph\">{\"@context\":\"https:\/\/schema.org\",\"@graph\":[{\"@type\":\"WebPage\",\"@id\":\"https:\/\/hotelluis.it\/de\/wo-wir-sind\/\",\"url\":\"https:\/\/hotelluis.it\/de\/wo-wir-sind\/\",\"name\":\"Wo wir sind - Hotel Luis\",\"isPartOf\":{\"@id\":\"https:\/\/hotelluis.it\/#website\"},\"primaryImageOfPage\":{\"@id\":\"https:\/\/hotelluis.it\/de\/wo-wir-sind\/#primaryimage\"},\"image\":{\"@id\":\"https:\/\/hotelluis.it\/de\/wo-wir-sind\/#primaryimage\"},\"thumbnailUrl\":\"https:\/\/hotelluis.it\/wp-content\/uploads\/2026\/01\/DJI_0204.jpg\",\"datePublished\":\"2026-02-03T13:13:42+00:00\",\"dateModified\":\"2026-02-06T08:00:13+00:00\",\"breadcrumb\":{\"@id\":\"https:\/\/hotelluis.it\/de\/wo-wir-sind\/#breadcrumb\"},\"inLanguage\":\"de\",\"potentialAction\":[{\"@type\":\"ReadAction\",\"target\":[\"https:\/\/hotelluis.it\/de\/wo-wir-sind\/\"]}]},{\"@type\":\"ImageObject\",\"inLanguage\":\"de\",\"@id\":\"https:\/\/hotelluis.it\/de\/wo-wir-sind\/#primaryimage\",\"url\":\"https:\/\/hotelluis.it\/wp-content\/uploads\/2026\/01\/DJI_0204.jpg\",\"contentUrl\":\"https:\/\/hotelluis.it\/wp-content\/uploads\/2026\/01\/DJI_0204.jpg\",\"width\":1920,\"height\":1279},{\"@type\":\"BreadcrumbList\",\"@id\":\"https:\/\/hotelluis.it\/de\/wo-wir-sind\/#breadcrumb\",\"itemListElement\":[{\"@type\":\"ListItem\",\"position\":1,\"name\":\"Home\",\"item\":\"https:\/\/hotelluis.it\/de\/\"},{\"@type\":\"ListItem\",\"position\":2,\"name\":\"Wo wir sind\"}]},{\"@type\":\"WebSite\",\"@id\":\"https:\/\/hotelluis.it\/#website\",\"url\":\"https:\/\/hotelluis.it\/\",\"name\":\"Hotel Luis\",\"description\":\"Hotel Luis Fiera di Primiero\",\"publisher\":{\"@id\":\"https:\/\/hotelluis.it\/#organization\"},\"potentialAction\":[{\"@type\":\"SearchAction\",\"target\":{\"@type\":\"EntryPoint\",\"urlTemplate\":\"https:\/\/hotelluis.it\/?s={search_term_string}\"},\"query-input\":{\"@type\":\"PropertyValueSpecification\",\"valueRequired\":true,\"valueName\":\"search_term_string\"}}],\"inLanguage\":\"de\"},{\"@type\":\"Organization\",\"@id\":\"https:\/\/hotelluis.it\/#organization\",\"name\":\"Hotel Luis\",\"url\":\"https:\/\/hotelluis.it\/\",\"logo\":{\"@type\":\"ImageObject\",\"inLanguage\":\"de\",\"@id\":\"https:\/\/hotelluis.it\/#\/schema\/logo\/image\/\",\"url\":\"https:\/\/hotelluis.it\/wp-content\/uploads\/2025\/11\/LOGO.svg\",\"contentUrl\":\"https:\/\/hotelluis.it\/wp-content\/uploads\/2025\/11\/LOGO.svg\",\"width\":190,\"height\":76,\"caption\":\"Hotel Luis\"},\"image\":{\"@id\":\"https:\/\/hotelluis.it\/#\/schema\/logo\/image\/\"},\"sameAs\":[\"https:\/\/www.facebook.com\/HotelLuisPrimiero\/\"]}]}<\/script>\n<!-- \/ Yoast SEO plugin. -->","yoast_head_json":{"title":"Wo wir sind - Hotel Luis","robots":{"index":"index","follow":"follow","max-snippet":"max-snippet:-1","max-image-preview":"max-image-preview:large","max-video-preview":"max-video-preview:-1"},"canonical":"https:\/\/hotelluis.it\/de\/wo-wir-sind\/","og_locale":"de_DE","og_type":"article","og_title":"Wo wir sind - Hotel Luis","og_url":"https:\/\/hotelluis.it\/de\/wo-wir-sind\/","og_site_name":"Hotel Luis","article_publisher":"https:\/\/www.facebook.com\/HotelLuisPrimiero\/","article_modified_time":"2026-02-06T08:00:13+00:00","og_image":[{"width":1920,"height":1279,"url":"https:\/\/hotelluis.it\/wp-content\/uploads\/2026\/01\/DJI_0204.jpg","type":"image\/jpeg"}],"twitter_card":"summary_large_image","twitter_misc":{"Gesch\u00e4tzte Lesezeit":"3\u00a0Minuten"},"schema":{"@context":"https:\/\/schema.org","@graph":[{"@type":"WebPage","@id":"https:\/\/hotelluis.it\/de\/wo-wir-sind\/","url":"https:\/\/hotelluis.it\/de\/wo-wir-sind\/","name":"Wo wir sind - Hotel Luis","isPartOf":{"@id":"https:\/\/hotelluis.it\/#website"},"primaryImageOfPage":{"@id":"https:\/\/hotelluis.it\/de\/wo-wir-sind\/#primaryimage"},"image":{"@id":"https:\/\/hotelluis.it\/de\/wo-wir-sind\/#primaryimage"},"thumbnailUrl":"https:\/\/hotelluis.it\/wp-content\/uploads\/2026\/01\/DJI_0204.jpg","datePublished":"2026-02-03T13:13:42+00:00","dateModified":"2026-02-06T08:00:13+00:00","breadcrumb":{"@id":"https:\/\/hotelluis.it\/de\/wo-wir-sind\/#breadcrumb"},"inLanguage":"de","potentialAction":[{"@type":"ReadAction","target":["https:\/\/hotelluis.it\/de\/wo-wir-sind\/"]}]},{"@type":"ImageObject","inLanguage":"de","@id":"https:\/\/hotelluis.it\/de\/wo-wir-sind\/#primaryimage","url":"https:\/\/hotelluis.it\/wp-content\/uploads\/2026\/01\/DJI_0204.jpg","contentUrl":"https:\/\/hotelluis.it\/wp-content\/uploads\/2026\/01\/DJI_0204.jpg","width":1920,"height":1279},{"@type":"BreadcrumbList","@id":"https:\/\/hotelluis.it\/de\/wo-wir-sind\/#breadcrumb","itemListElement":[{"@type":"ListItem","position":1,"name":"Home","item":"https:\/\/hotelluis.it\/de\/"},{"@type":"ListItem","position":2,"name":"Wo wir sind"}]},{"@type":"WebSite","@id":"https:\/\/hotelluis.it\/#website","url":"https:\/\/hotelluis.it\/","name":"Hotel Luis","description":"Hotel Luis Fiera di Primiero","publisher":{"@id":"https:\/\/hotelluis.it\/#organization"},"potentialAction":[{"@type":"SearchAction","target":{"@type":"EntryPoint","urlTemplate":"https:\/\/hotelluis.it\/?s={search_term_string}"},"query-input":{"@type":"PropertyValueSpecification","valueRequired":true,"valueName":"search_term_string"}}],"inLanguage":"de"},{"@type":"Organization","@id":"https:\/\/hotelluis.it\/#organization","name":"Hotel Luis","url":"https:\/\/hotelluis.it\/","logo":{"@type":"ImageObject","inLanguage":"de","@id":"https:\/\/hotelluis.it\/#\/schema\/logo\/image\/","url":"https:\/\/hotelluis.it\/wp-content\/uploads\/2025\/11\/LOGO.svg","contentUrl":"https:\/\/hotelluis.it\/wp-content\/uploads\/2025\/11\/LOGO.svg","width":190,"height":76,"caption":"Hotel Luis"},"image":{"@id":"https:\/\/hotelluis.it\/#\/schema\/logo\/image\/"},"sameAs":["https:\/\/www.facebook.com\/HotelLuisPrimiero\/"]}]}},"publishpress_future_workflow_manual_trigger":{"enabledWorkflows":[]},"_links":{"self":[{"href":"https:\/\/hotelluis.it\/de\/wp-json\/wp\/v2\/pages\/1676","targetHints":{"allow":["GET"]}}],"collection":[{"href":"https:\/\/hotelluis.it\/de\/wp-json\/wp\/v2\/pages"}],"about":[{"href":"https:\/\/hotelluis.it\/de\/wp-json\/wp\/v2\/types\/page"}],"author":[{"embeddable":true,"href":"https:\/\/hotelluis.it\/de\/wp-json\/wp\/v2\/users\/1"}],"replies":[{"embeddable":true,"href":"https:\/\/hotelluis.it\/de\/wp-json\/wp\/v2\/comments?post=1676"}],"version-history":[{"count":4,"href":"https:\/\/hotelluis.it\/de\/wp-json\/wp\/v2\/pages\/1676\/revisions"}],"predecessor-version":[{"id":1700,"href":"https:\/\/hotelluis.it\/de\/wp-json\/wp\/v2\/pages\/1676\/revisions\/1700"}],"wp:featuredmedia":[{"embeddable":true,"href":"https:\/\/hotelluis.it\/de\/wp-json\/wp\/v2\/media\/1674"}],"wp:attachment":[{"href":"https:\/\/hotelluis.it\/de\/wp-json\/wp\/v2\/media?parent=1676"}],"curies":[{"name":"wp","href":"https:\/\/api.w.org\/{rel}","templated":true}]}}